{"id":22,"date":"2012-12-04T18:06:51","date_gmt":"2012-12-04T17:06:51","guid":{"rendered":"http:\/\/galleryids=304,301,302,303,300chambreenangleposs\u00e8deunlitdoubleetunsimple,salled&#039;eaudoucheetwcprivatif.ellegardesonnomducentre\u00e9questrequiestparti.d\u00e9sormaisnoschevauxsontceuxdestracteursdel&#039;exploitationagricolevis"},"modified":"2015-12-27T22:07:35","modified_gmt":"2015-12-27T21:07:35","slug":"les-chevaux","status":"publish","type":"page","link":"http:\/\/www.ticketvert.com\/en\/decouvrir-les-chambres\/les-chevaux\/","title":{"rendered":"Les chevaux"},"content":{"rendered":"<div class=\"gallery gallery-columns-3 gallery-size-thumbnail rps-image-gallery-format-default rps-image-gallery-theme-default rps-image-gallery-columns-no-responsive rps-image-gallery rps-image-gallery-no-masonry rps-image-gallery-no-heading rps-image-gallery-no-caption rps-image-gallery-no-social \" style=\"text-align:left\" pageSize=\"0\" currentPage=\"0\" ><ul><\/ul><\/div>\n<p>view on the farm,<\/p>\n<p>one double and one single bed<\/p>\n<p>shower and privative toilets.<\/p>\n<p>elle garde son nom du centre \u00e9questre qui est parti. d\u00e9sormais nos chevaux sont ceux des tracteurs de l&#8217;exploitation agricole visible de cette chambre.<\/p>\n<p><a title=\"Tarifs : La mare \/ Les chevaux\" href=\"http:\/\/www.ticketvert.com\/tarifs\/tarifs-la-mare-les-chevaux\/\">price<\/a><\/p>\n","protected":false},"excerpt":{"rendered":"<p>view on the farm, one double and one single bed shower and privative toilets. elle garde son nom du centre \u00e9questre qui est parti. d\u00e9sormais nos chevaux sont ceux des tracteurs de l&#8217;exploitation agricole visible de cette chambre. price<\/p>\n","protected":false},"author":2,"featured_media":0,"parent":9,"menu_order":0,"comment_status":"closed","ping_status":"closed","template":"","meta":[],"_links":{"self":[{"href":"http:\/\/www.ticketvert.com\/en\/wp-json\/wp\/v2\/pages\/22"}],"collection":[{"href":"http:\/\/www.ticketvert.com\/en\/wp-json\/wp\/v2\/pages"}],"about":[{"href":"http:\/\/www.ticketvert.com\/en\/wp-json\/wp\/v2\/types\/page"}],"author":[{"embeddable":true,"href":"http:\/\/www.ticketvert.com\/en\/wp-json\/wp\/v2\/users\/2"}],"replies":[{"embeddable":true,"href":"http:\/\/www.ticketvert.com\/en\/wp-json\/wp\/v2\/comments?post=22"}],"version-history":[{"count":2,"href":"http:\/\/www.ticketvert.com\/en\/wp-json\/wp\/v2\/pages\/22\/revisions"}],"predecessor-version":[{"id":432,"href":"http:\/\/www.ticketvert.com\/en\/wp-json\/wp\/v2\/pages\/22\/revisions\/432"}],"up":[{"embeddable":true,"href":"http:\/\/www.ticketvert.com\/en\/wp-json\/wp\/v2\/pages\/9"}],"wp:attachment":[{"href":"http:\/\/www.ticketvert.com\/en\/wp-json\/wp\/v2\/media?parent=22"}],"curies":[{"name":"wp","href":"https:\/\/api.w.org\/{rel}","templated":true}]}}