{"id":9,"date":"2012-12-04T17:34:29","date_gmt":"2012-12-04T16:34:29","guid":{"rendered":"http:\/\/sliderid=6\u00a0"},"modified":"2014-02-13T22:39:06","modified_gmt":"2014-02-13T21:39:06","slug":"decouvrir-les-chambres","status":"publish","type":"page","link":"https:\/\/www.ticketvert.com\/en\/decouvrir-les-chambres\/","title":{"rendered":"Les Chambres"},"content":{"rendered":"<div class=\"slider-chambres\" id=\"slider-chambres\"><\/div>\n<table border=\"0\" align=\"center\">\n<tbody>\n<tr align=\"center\" valign=\"middle\">\n<td style=\"text-align: center;\">\u00a0<a title=\"Le salon\" href=\"http:\/\/www.ticketvert.com\/decouvrir-les-chambres\/le-salon\/\"><img loading=\"lazy\" class=\"size-thumbnail wp-image-287\" alt=\"OLYMPUS DIGITAL CAMERA\" src=\"http:\/\/www.ticketvert.com\/wp-content\/uploads\/2013\/03\/P31300412-150x150.jpg\" width=\"150\" height=\"150\" \/><\/a><a title=\"Le salon\" href=\"http:\/\/www.ticketvert.com\/decouvrir-les-chambres\/le-salon\/\"><br \/>\nCliquer pour visiter<\/a><\/td>\n<td style=\"vertical-align: middle;\" align=\"center\" valign=\"middle\">\n<h1><a title=\"Le salon\" href=\"http:\/\/www.ticketvert.com\/decouvrir-les-chambres\/le-salon\/\"><strong>Le salon<br \/>\n<\/strong><\/a><\/h1>\n<p>down stairs you can use the large louge and dinner room<br \/>\nthere is also a kitchen with fridge, microwawe, and every thing to make yourself your own dinner&#8230;<\/p>\n<p><a href=\"http:\/\/www.ticketvert.com\/wp-content\/uploads\/2013\/03\/wheelchair-accessible-21213.jpg\"><img loading=\"lazy\" alt=\"wheelchair-accessible-21213\" src=\"http:\/\/www.ticketvert.com\/wp-content\/uploads\/2013\/03\/wheelchair-accessible-21213-300x300.jpg\" width=\"25\" height=\"25\" \/><\/a> wc adapt\u00e9<\/p>\n<p><a title=\"Le salon\" href=\"http:\/\/www.ticketvert.com\/decouvrir-les-chambres\/le-salon\/\">Visiter le salon<\/a> | <a title=\"Demande de r\u00e9servation\" href=\"http:\/\/www.ticketvert.com\/reserver\/\">R\u00e9servation<\/a><\/td>\n<\/tr>\n<tr align=\"center\" valign=\"middle\">\n<td style=\"text-align: center;\">\n<dl id=\"attachment_61\">\n<dt><a title=\"La mare\" href=\"http:\/\/www.ticketvert.com\/decouvrir-les-chambres\/la-mare\/\"><img loading=\"lazy\" class=\"size-thumbnail wp-image-308\" alt=\"le lit simple\" src=\"http:\/\/www.ticketvert.com\/wp-content\/uploads\/2013\/03\/Album_151-150x150.jpg\" width=\"150\" height=\"150\" \/><\/a><\/dt>\n<dd><a title=\"La mare\" href=\"http:\/\/www.ticketvert.com\/decouvrir-les-chambres\/la-mare\/\">cliquer pour visiter<\/a><\/dd>\n<\/dl>\n<\/td>\n<td style=\"vertical-align: middle;\" align=\"center\" valign=\"middle\">\n<h1><a title=\"La mare\" href=\"http:\/\/www.ticketvert.com\/decouvrir-les-chambres\/la-mare\/\"><strong>La mare<\/strong><\/a><\/h1>\n<p>one room with a twin bed<\/p>\n<p>and one with a single bed<\/p>\n<p>shower, wc separate<\/p>\n<p><a title=\"Tarifs : La mare \/ Les chevaux\" href=\"http:\/\/www.ticketvert.com\/tarifs\/tarifs-la-mare-les-chevaux\/\">prices\u00a0<\/a> | <a title=\"La mare\" href=\"http:\/\/www.ticketvert.com\/decouvrir-les-chambres\/la-mare\/\">Visiter la Chambre<\/a> | <a title=\"Demande de r\u00e9servation\" href=\"http:\/\/www.ticketvert.com\/reserver\/\">booking<\/a><\/td>\n<\/tr>\n<tr>\n<td style=\"text-align: center;\">\n<dl id=\"attachment_69\">\n<dt><a title=\"La for\u00eat\" href=\"http:\/\/www.ticketvert.com\/decouvrir-les-chambres\/la-foret\/\"><img loading=\"lazy\" class=\"alignnone size-thumbnail wp-image-269\" alt=\"OLYMPUS DIGITAL CAMERA\" src=\"http:\/\/www.ticketvert.com\/wp-content\/uploads\/2013\/03\/for\u00eat-451-150x150.jpg\" width=\"150\" height=\"150\" \/><\/a><\/dt>\n<dd><a title=\"La for\u00eat\" href=\"http:\/\/www.ticketvert.com\/decouvrir-les-chambres\/la-foret\/\">cliquer pour visiter<\/a><\/dd>\n<\/dl>\n<\/td>\n<td style=\"vertical-align: middle;\" align=\"center\" valign=\"middle\">\n<h1><a title=\"La for\u00eat\" href=\"http:\/\/www.ticketvert.com\/decouvrir-les-chambres\/la-foret\/\"><strong>La for\u00eat<\/strong><\/a><\/h1>\n<p>with a country view<\/p>\n<ul>\n<li>large room with a double bed 160*200<\/li>\n<li>spa bath<\/li>\n<li>wc separate<\/li>\n<\/ul>\n<p><a title=\"Tarifs : La for\u00eat\" href=\"http:\/\/www.ticketvert.com\/tarifs\/tarifs-la-foret\/\">\u00a0prices<\/a> | <a title=\"La for\u00eat\" href=\"http:\/\/www.ticketvert.com\/decouvrir-les-chambres\/la-foret\/\">Visiter la Chambre<\/a> | <a title=\"Demande de r\u00e9servation\" href=\"http:\/\/www.ticketvert.com\/reserver\/\">booking<\/a><\/td>\n<\/tr>\n<tr>\n<td><a title=\"Les chevaux\" href=\"http:\/\/www.ticketvert.com\/decouvrir-les-chambres\/les-chevaux\/\"><img loading=\"lazy\" class=\"size-thumbnail wp-image-300 aligncenter\" alt=\"le lit double\" src=\"http:\/\/www.ticketvert.com\/wp-content\/uploads\/2013\/03\/Album_9-150x150.jpg\" width=\"150\" height=\"150\" \/><\/a><\/p>\n<p style=\"text-align: center;\"><a title=\"Les chevaux\" href=\"http:\/\/www.ticketvert.com\/decouvrir-les-chambres\/les-chevaux\/\">Cliquer pour visiter<\/a><\/p>\n<\/td>\n<td style=\"vertical-align: middle;\">\n<h1><a title=\"Les chevaux\" href=\"http:\/\/www.ticketvert.com\/decouvrir-les-chambres\/les-chevaux\/\"><strong>Les chevaux<\/strong> <\/a><\/h1>\n<p>two parts in this room<\/p>\n<ul>\n<li>a double bed, and a single<\/li>\n<li>shower, wc privatif.<\/li>\n<\/ul>\n<p><a title=\"Tarifs : La mare \/ Les chevaux\" href=\"http:\/\/www.ticketvert.com\/tarifs\/tarifs-la-mare-les-chevaux\/\">prices<\/a> | <a title=\"Les chevaux\" href=\"http:\/\/www.ticketvert.com\/decouvrir-les-chambres\/les-chevaux\/\">Visiter la Chambre<\/a> | <a title=\"Demande de r\u00e9servation\" href=\"http:\/\/www.ticketvert.com\/reserver\/\">booking<\/a><\/td>\n<\/tr>\n<tr>\n<td><a title=\"La terrasse\" href=\"http:\/\/www.ticketvert.com\/decouvrir-les-chambres\/la-terrasse\/\"><img loading=\"lazy\" class=\"size-thumbnail wp-image-294 aligncenter\" alt=\"chambre la terrasse\" src=\"http:\/\/www.ticketvert.com\/wp-content\/uploads\/2013\/03\/P3130038-150x150.jpg\" width=\"150\" height=\"150\" \/><\/a><\/p>\n<p style=\"text-align: center;\"><a title=\"La terrasse\" href=\"http:\/\/www.ticketvert.com\/decouvrir-les-chambres\/la-terrasse\/\">Cliquer pour visiter<\/a><\/p>\n<\/td>\n<td style=\"vertical-align: middle;\">\n<h1><a title=\"La terrasse\" href=\"http:\/\/www.ticketvert.com\/decouvrir-les-chambres\/la-terrasse\/\"><strong>La terrasse<\/strong> <\/a><\/h1>\n<p>down stairs,<\/p>\n<ul>\n<li>une terrasse priv\u00e9e<\/li>\n<li>spa bath<\/li>\n<li>wc privatif<\/li>\n<\/ul>\n<p><a title=\"La terrasse\" href=\"http:\/\/www.ticketvert.com\/decouvrir-les-chambres\/la-terrasse\/\"><img loading=\"lazy\" class=\"alignnone  wp-image-258\" alt=\"wheelchair-accessible-21213\" src=\"http:\/\/www.ticketvert.com\/wp-content\/uploads\/2013\/03\/wheelchair-accessible-21213-150x150.jpg\" width=\"25\" height=\"25\" \/><\/a>\u00a0Cette chambre est enti\u00e8rement accessible aux personnes \u00e0 mobilit\u00e9 r\u00e9duite.<\/p>\n<p><a title=\"Tarifs : La terrasse\" href=\"http:\/\/www.ticketvert.com\/tarifs\/tarifs-la-terrasse\/\">prices<\/a> | <a title=\"La terrasse\" href=\"http:\/\/www.ticketvert.com\/decouvrir-les-chambres\/la-terrasse\/\">Visiter la Chambre<\/a> | <a title=\"Demande de r\u00e9servation\" href=\"http:\/\/www.ticketvert.com\/reserver\/\">booking<\/a><\/td>\n<\/tr>\n<\/tbody>\n<\/table>\n<p><\/p>\n","protected":false},"excerpt":{"rendered":"<p>\u00a0 Cliquer pour visiter Le salon down stairs you can use the large louge and dinner room there is also a kitchen with fridge, microwawe, and every thing to make yourself your own dinner&#8230; wc adapt\u00e9 Visiter le salon | R\u00e9servation cliquer pour visiter La mare one room with a twin bed and one with [&hellip;]<\/p>\n","protected":false},"author":2,"featured_media":0,"parent":0,"menu_order":0,"comment_status":"closed","ping_status":"closed","template":"","meta":[],"_links":{"self":[{"href":"https:\/\/www.ticketvert.com\/en\/wp-json\/wp\/v2\/pages\/9"}],"collection":[{"href":"https:\/\/www.ticketvert.com\/en\/wp-json\/wp\/v2\/pages"}],"about":[{"href":"https:\/\/www.ticketvert.com\/en\/wp-json\/wp\/v2\/types\/page"}],"author":[{"embeddable":true,"href":"https:\/\/www.ticketvert.com\/en\/wp-json\/wp\/v2\/users\/2"}],"replies":[{"embeddable":true,"href":"https:\/\/www.ticketvert.com\/en\/wp-json\/wp\/v2\/comments?post=9"}],"version-history":[{"count":4,"href":"https:\/\/www.ticketvert.com\/en\/wp-json\/wp\/v2\/pages\/9\/revisions"}],"predecessor-version":[{"id":415,"href":"https:\/\/www.ticketvert.com\/en\/wp-json\/wp\/v2\/pages\/9\/revisions\/415"}],"wp:attachment":[{"href":"https:\/\/www.ticketvert.com\/en\/wp-json\/wp\/v2\/media?parent=9"}],"curies":[{"name":"wp","href":"https:\/\/api.w.org\/{rel}","templated":true}]}}