{"id":91,"date":"2012-12-14T18:53:41","date_gmt":"2012-12-14T17:53:41","guid":{"rendered":"http:\/\/galleryids=279,286,285,276,255Vousdisposezaurez-de-chaussezd&#039;ungrandsalon\/salle\u00e0mangeravecchemin\u00e9elacuisine\u00e9quip\u00e9evouspermetdecuisinerouder\u00e9chaufferunrepastraiteur"},"modified":"2017-09-27T10:46:24","modified_gmt":"2017-09-27T09:46:24","slug":"le-salon","status":"publish","type":"page","link":"https:\/\/www.ticketvert.com\/en\/decouvrir-les-chambres\/le-salon\/","title":{"rendered":"Living room"},"content":{"rendered":"<div class=\"gallery gallery-columns-3 gallery-size-thumbnail rps-image-gallery-format-default rps-image-gallery-theme-default rps-image-gallery-columns-no-responsive rps-image-gallery rps-image-gallery-no-masonry rps-image-gallery-no-heading rps-image-gallery-no-caption rps-image-gallery-no-social \" style=\"text-align:left\" pageSize=\"0\" currentPage=\"0\" ><ul><\/ul><\/div>\n<p>Enjoy our big living room with fireplace and kitchen. You can thus cook or war-up your meal.<\/p>\n<p><a href=\"http:\/\/www.ticketvert.com\/wp-content\/uploads\/2013\/03\/wheelchair-accessible-21213.jpg\"><img loading=\"lazy\" class=\"size-medium wp-image-258 alignright\" alt=\"wheelchair-accessible-21213\" src=\"http:\/\/www.ticketvert.com\/wp-content\/uploads\/2013\/03\/wheelchair-accessible-21213-300x300.jpg\" width=\"104\" height=\"104\" \/><\/a> Disable toilets<\/p>\n","protected":false},"excerpt":{"rendered":"<p>Enjoy our big living room with fireplace and kitchen. You can thus cook or war-up your meal. Disable toilets<\/p>\n","protected":false},"author":2,"featured_media":0,"parent":9,"menu_order":0,"comment_status":"closed","ping_status":"closed","template":"","meta":[],"_links":{"self":[{"href":"https:\/\/www.ticketvert.com\/en\/wp-json\/wp\/v2\/pages\/91"}],"collection":[{"href":"https:\/\/www.ticketvert.com\/en\/wp-json\/wp\/v2\/pages"}],"about":[{"href":"https:\/\/www.ticketvert.com\/en\/wp-json\/wp\/v2\/types\/page"}],"author":[{"embeddable":true,"href":"https:\/\/www.ticketvert.com\/en\/wp-json\/wp\/v2\/users\/2"}],"replies":[{"embeddable":true,"href":"https:\/\/www.ticketvert.com\/en\/wp-json\/wp\/v2\/comments?post=91"}],"version-history":[{"count":5,"href":"https:\/\/www.ticketvert.com\/en\/wp-json\/wp\/v2\/pages\/91\/revisions"}],"predecessor-version":[{"id":483,"href":"https:\/\/www.ticketvert.com\/en\/wp-json\/wp\/v2\/pages\/91\/revisions\/483"}],"up":[{"embeddable":true,"href":"https:\/\/www.ticketvert.com\/en\/wp-json\/wp\/v2\/pages\/9"}],"wp:attachment":[{"href":"https:\/\/www.ticketvert.com\/en\/wp-json\/wp\/v2\/media?parent=91"}],"curies":[{"name":"wp","href":"https:\/\/api.w.org\/{rel}","templated":true}]}}